{"id":7,"date":"2024-01-08T16:00:42","date_gmt":"2024-01-08T16:00:42","guid":{"rendered":"https:\/\/quehaysalva.com\/podcast\/?page_id=7"},"modified":"2024-01-08T16:51:29","modified_gmt":"2024-01-08T16:51:29","slug":"elementor-7","status":"publish","type":"page","link":"https:\/\/quehaysalva.com\/podcast\/","title":{"rendered":"Qu\u00e9 Hay Salva Podcast"},"content":{"rendered":"\t\t<div data-elementor-type=\"wp-post\" data-elementor-id=\"7\" class=\"elementor elementor-7\" data-elementor-post-type=\"page\">\n\t\t\t\t<div class=\"elementor-element elementor-element-2c49465 e-flex e-con-boxed e-con e-parent\" data-id=\"2c49465\" data-element_type=\"container\" data-settings=\"{&quot;background_background&quot;:&quot;classic&quot;}\">\n\t\t\t\t\t<div class=\"e-con-inner\">\n\t\t<div class=\"elementor-element elementor-element-2980b7a e-flex e-con-boxed e-con e-child\" data-id=\"2980b7a\" data-element_type=\"container\">\n\t\t\t\t\t<div class=\"e-con-inner\">\n\t\t\t\t<div class=\"elementor-element elementor-element-01d498a elementor-widget elementor-widget-image\" data-id=\"01d498a\" data-element_type=\"widget\" data-widget_type=\"image.default\">\n\t\t\t\t<div class=\"elementor-widget-container\">\n\t\t\t\t\t\t\t\t\t\t\t\t\t\t\t<img fetchpriority=\"high\" decoding=\"async\" width=\"356\" height=\"356\" src=\"https:\/\/quehaysalva.com\/podcast\/wp-content\/uploads\/2024\/01\/image07-1.jpg\" class=\"attachment-full size-full wp-image-19\" alt=\"\" srcset=\"https:\/\/quehaysalva.com\/podcast\/wp-content\/uploads\/2024\/01\/image07-1.jpg 356w, https:\/\/quehaysalva.com\/podcast\/wp-content\/uploads\/2024\/01\/image07-1-300x300.jpg 300w, https:\/\/quehaysalva.com\/podcast\/wp-content\/uploads\/2024\/01\/image07-1-150x150.jpg 150w, https:\/\/quehaysalva.com\/podcast\/wp-content\/uploads\/2024\/01\/elementor\/thumbs\/image07-1-qi0lat0txcu6l29janqk1ihm99mr0swwdgdo12a11s.jpg 200w, https:\/\/quehaysalva.com\/podcast\/wp-content\/uploads\/2024\/01\/elementor\/thumbs\/image07-1-qi0lat0spi1qz23svqvdxfn97xf4d1p6hnshvnst0o.jpg 100w\" sizes=\"(max-width: 356px) 100vw, 356px\" \/>\t\t\t\t\t\t\t\t\t\t\t\t\t\t\t<\/div>\n\t\t\t\t<\/div>\n\t\t\t\t<div class=\"elementor-element elementor-element-739d4e2 elementor-widget elementor-widget-heading\" data-id=\"739d4e2\" data-element_type=\"widget\" data-widget_type=\"heading.default\">\n\t\t\t\t<div class=\"elementor-widget-container\">\n\t\t\t\t\t<h2 class=\"elementor-heading-title elementor-size-default\">Qu\u00e9 Hay Salva Blog<\/h2>\t\t\t\t<\/div>\n\t\t\t\t<\/div>\n\t\t\t\t<div class=\"elementor-element elementor-element-519d116 elementor-widget elementor-widget-text-editor\" data-id=\"519d116\" data-element_type=\"widget\" data-widget_type=\"text-editor.default\">\n\t\t\t\t<div class=\"elementor-widget-container\">\n\t\t\t\t\t\t\t\t\t<p>Muy pronto estar\u00e1 disponible el blog de Qu\u00e9 Hay Salva Podcast con art\u00edculos, recomendaciones, y tutoriales de tecnolog\u00eda.&nbsp;\u00danete al newsletter para ser el primero en enterarte cuando est\u00e9 disponible.<\/p>\t\t\t\t\t\t\t\t<\/div>\n\t\t\t\t<\/div>\n\t\t<div class=\"elementor-element elementor-element-b87cc16 e-flex e-con-boxed e-con e-child\" data-id=\"b87cc16\" data-element_type=\"container\">\n\t\t\t\t\t<div class=\"e-con-inner\">\n\t\t\t\t<div class=\"elementor-element elementor-element-9e8b94f elementor-button-align-stretch elementor-widget elementor-widget-form\" data-id=\"9e8b94f\" data-element_type=\"widget\" data-settings=\"{&quot;step_next_label&quot;:&quot;Next&quot;,&quot;step_previous_label&quot;:&quot;Previous&quot;,&quot;button_width&quot;:&quot;100&quot;,&quot;step_type&quot;:&quot;number_text&quot;,&quot;step_icon_shape&quot;:&quot;circle&quot;}\" data-widget_type=\"form.default\">\n\t\t\t\t<div class=\"elementor-widget-container\">\n\t\t\t\t\t\t\t<form class=\"elementor-form\" method=\"post\" name=\"Newsletter\">\n\t\t\t<input type=\"hidden\" name=\"post_id\" value=\"7\"\/>\n\t\t\t<input type=\"hidden\" name=\"form_id\" value=\"9e8b94f\"\/>\n\t\t\t<input type=\"hidden\" name=\"referer_title\" value=\"que hay salva\" \/>\n\n\t\t\t\n\t\t\t<div class=\"elementor-form-fields-wrapper elementor-labels-above\">\n\t\t\t\t\t\t\t\t<div class=\"elementor-field-type-email elementor-field-group elementor-column elementor-field-group-email elementor-col-100 elementor-field-required\">\n\t\t\t\t\t\t\t\t\t\t\t\t\t<input size=\"1\" type=\"email\" name=\"form_fields[email]\" id=\"form-field-email\" class=\"elementor-field elementor-size-sm  elementor-field-textual\" placeholder=\"Email\" required=\"required\" aria-required=\"true\">\n\t\t\t\t\t\t\t\t\t\t\t<\/div>\n\t\t\t\t\t\t\t\t<div class=\"elementor-field-group elementor-column elementor-field-type-submit elementor-col-100 e-form__buttons\">\n\t\t\t\t\t<button type=\"submit\" class=\"elementor-button elementor-size-sm\">\n\t\t\t\t\t\t<span >\n\t\t\t\t\t\t\t\t\t\t\t\t\t\t\t<span class=\" elementor-button-icon\">\n\t\t\t\t\t\t\t\t\t\t\t\t\t\t\t\t\t\t\t\t\t\t\t\t\t\t<\/span>\n\t\t\t\t\t\t\t\t\t\t\t\t\t\t\t\t\t\t\t\t\t\t<span class=\"elementor-button-text\">Av\u00edsenme<\/span>\n\t\t\t\t\t\t\t\t\t\t\t\t\t<\/span>\n\t\t\t\t\t<\/button>\n\t\t\t\t<\/div>\n\t\t\t<\/div>\n\t\t<\/form>\n\t\t\t\t\t\t<\/div>\n\t\t\t\t<\/div>\n\t\t\t\t\t<\/div>\n\t\t\t\t<\/div>\n\t\t\t\t\t<\/div>\n\t\t\t\t<\/div>\n\t\t\t\t\t<\/div>\n\t\t\t\t<\/div>\n\t\t<div class=\"elementor-element elementor-element-dcfbc2d e-flex e-con-boxed e-con e-parent\" data-id=\"dcfbc2d\" data-element_type=\"container\">\n\t\t\t\t\t<div class=\"e-con-inner\">\n\t\t\t\t<div class=\"elementor-element elementor-element-5120eea elementor-widget elementor-widget-text-editor\" data-id=\"5120eea\" data-element_type=\"widget\" data-widget_type=\"text-editor.default\">\n\t\t\t\t<div class=\"elementor-widget-container\">\n\t\t\t\t\t\t\t\t\t<p>Escucha en:<\/p>\t\t\t\t\t\t\t\t<\/div>\n\t\t\t\t<\/div>\n\t\t\t\t<div class=\"elementor-element elementor-element-a30341a elementor-mobile-align-center elementor-widget-mobile__width-auto elementor-widget elementor-widget-button\" data-id=\"a30341a\" data-element_type=\"widget\" data-widget_type=\"button.default\">\n\t\t\t\t<div class=\"elementor-widget-container\">\n\t\t\t\t\t\t\t\t\t<div class=\"elementor-button-wrapper\">\n\t\t\t\t\t<a class=\"elementor-button elementor-button-link elementor-size-sm\" href=\"https:\/\/open.spotify.com\/episode\/4oOlDzIOpCddeRsQoaKSBF?si=3c4da60753b24ef7\" target=\"_blank\">\n\t\t\t\t\t\t<span class=\"elementor-button-content-wrapper\">\n\t\t\t\t\t\t<span class=\"elementor-button-icon\">\n\t\t\t\t<svg aria-hidden=\"true\" class=\"e-font-icon-svg e-fab-spotify\" viewBox=\"0 0 496 512\" xmlns=\"http:\/\/www.w3.org\/2000\/svg\"><path d=\"M248 8C111.1 8 0 119.1 0 256s111.1 248 248 248 248-111.1 248-248S384.9 8 248 8zm100.7 364.9c-4.2 0-6.8-1.3-10.7-3.6-62.4-37.6-135-39.2-206.7-24.5-3.9 1-9 2.6-11.9 2.6-9.7 0-15.8-7.7-15.8-15.8 0-10.3 6.1-15.2 13.6-16.8 81.9-18.1 165.6-16.5 237 26.2 6.1 3.9 9.7 7.4 9.7 16.5s-7.1 15.4-15.2 15.4zm26.9-65.6c-5.2 0-8.7-2.3-12.3-4.2-62.5-37-155.7-51.9-238.6-29.4-4.8 1.3-7.4 2.6-11.9 2.6-10.7 0-19.4-8.7-19.4-19.4s5.2-17.8 15.5-20.7c27.8-7.8 56.2-13.6 97.8-13.6 64.9 0 127.6 16.1 177 45.5 8.1 4.8 11.3 11 11.3 19.7-.1 10.8-8.5 19.5-19.4 19.5zm31-76.2c-5.2 0-8.4-1.3-12.9-3.9-71.2-42.5-198.5-52.7-280.9-29.7-3.6 1-8.1 2.6-12.9 2.6-13.2 0-23.3-10.3-23.3-23.6 0-13.6 8.4-21.3 17.4-23.9 35.2-10.3 74.6-15.2 117.5-15.2 73 0 149.5 15.2 205.4 47.8 7.8 4.5 12.9 10.7 12.9 22.6 0 13.6-11 23.3-23.2 23.3z\"><\/path><\/svg>\t\t\t<\/span>\n\t\t\t\t\t\t\t\t<\/span>\n\t\t\t\t\t<\/a>\n\t\t\t\t<\/div>\n\t\t\t\t\t\t\t\t<\/div>\n\t\t\t\t<\/div>\n\t\t\t\t<div class=\"elementor-element elementor-element-0e2d20a elementor-mobile-align-center elementor-widget-mobile__width-auto elementor-widget elementor-widget-button\" data-id=\"0e2d20a\" data-element_type=\"widget\" data-widget_type=\"button.default\">\n\t\t\t\t<div class=\"elementor-widget-container\">\n\t\t\t\t\t\t\t\t\t<div class=\"elementor-button-wrapper\">\n\t\t\t\t\t<a class=\"elementor-button elementor-button-link elementor-size-sm\" href=\"https:\/\/podcasts.apple.com\/us\/podcast\/qu%C3%A9-hay-salva-podcast\/id1601937816?i=1000587484271\" target=\"_blank\">\n\t\t\t\t\t\t<span class=\"elementor-button-content-wrapper\">\n\t\t\t\t\t\t<span class=\"elementor-button-icon\">\n\t\t\t\t<svg aria-hidden=\"true\" class=\"e-font-icon-svg e-fas-podcast\" viewBox=\"0 0 448 512\" xmlns=\"http:\/\/www.w3.org\/2000\/svg\"><path d=\"M267.429 488.563C262.286 507.573 242.858 512 224 512c-18.857 0-38.286-4.427-43.428-23.437C172.927 460.134 160 388.898 160 355.75c0-35.156 31.142-43.75 64-43.75s64 8.594 64 43.75c0 32.949-12.871 104.179-20.571 132.813zM156.867 288.554c-18.693-18.308-29.958-44.173-28.784-72.599 2.054-49.724 42.395-89.956 92.124-91.881C274.862 121.958 320 165.807 320 220c0 26.827-11.064 51.116-28.866 68.552-2.675 2.62-2.401 6.986.628 9.187 9.312 6.765 16.46 15.343 21.234 25.363 1.741 3.654 6.497 4.66 9.449 1.891 28.826-27.043 46.553-65.783 45.511-108.565-1.855-76.206-63.595-138.208-139.793-140.369C146.869 73.753 80 139.215 80 220c0 41.361 17.532 78.7 45.55 104.989 2.953 2.771 7.711 1.77 9.453-1.887 4.774-10.021 11.923-18.598 21.235-25.363 3.029-2.2 3.304-6.566.629-9.185zM224 0C100.204 0 0 100.185 0 224c0 89.992 52.602 165.647 125.739 201.408 4.333 2.118 9.267-1.544 8.535-6.31-2.382-15.512-4.342-30.946-5.406-44.339-.146-1.836-1.149-3.486-2.678-4.512-47.4-31.806-78.564-86.016-78.187-147.347.592-96.237 79.29-174.648 175.529-174.899C320.793 47.747 400 126.797 400 224c0 61.932-32.158 116.49-80.65 147.867-.999 14.037-3.069 30.588-5.624 47.23-.732 4.767 4.203 8.429 8.535 6.31C395.227 389.727 448 314.187 448 224 448 100.205 347.815 0 224 0zm0 160c-35.346 0-64 28.654-64 64s28.654 64 64 64 64-28.654 64-64-28.654-64-64-64z\"><\/path><\/svg>\t\t\t<\/span>\n\t\t\t\t\t\t\t\t<\/span>\n\t\t\t\t\t<\/a>\n\t\t\t\t<\/div>\n\t\t\t\t\t\t\t\t<\/div>\n\t\t\t\t<\/div>\n\t\t\t\t<div class=\"elementor-element elementor-element-6fe54f2 elementor-mobile-align-center elementor-widget-mobile__width-auto elementor-widget elementor-widget-button\" data-id=\"6fe54f2\" data-element_type=\"widget\" data-widget_type=\"button.default\">\n\t\t\t\t<div class=\"elementor-widget-container\">\n\t\t\t\t\t\t\t\t\t<div class=\"elementor-button-wrapper\">\n\t\t\t\t\t<a class=\"elementor-button elementor-button-link elementor-size-sm\" href=\"https:\/\/music.amazon.com\/podcasts\/b01df664-adb6-4633-af8d-f91a3ef0f369\/episodes\/bd3806b1-a904-4182-a23a-39ff7d3c5c5b\/qu%C3%A9-hay-salva-podcast-c%C3%B3mo-comprar-boletos-de-avi%C3%B3n-por-internet\" target=\"_blank\">\n\t\t\t\t\t\t<span class=\"elementor-button-content-wrapper\">\n\t\t\t\t\t\t<span class=\"elementor-button-icon\">\n\t\t\t\t<svg aria-hidden=\"true\" class=\"e-font-icon-svg e-fab-amazon\" viewBox=\"0 0 448 512\" xmlns=\"http:\/\/www.w3.org\/2000\/svg\"><path d=\"M257.2 162.7c-48.7 1.8-169.5 15.5-169.5 117.5 0 109.5 138.3 114 183.5 43.2 6.5 10.2 35.4 37.5 45.3 46.8l56.8-56S341 288.9 341 261.4V114.3C341 89 316.5 32 228.7 32 140.7 32 94 87 94 136.3l73.5 6.8c16.3-49.5 54.2-49.5 54.2-49.5 40.7-.1 35.5 29.8 35.5 69.1zm0 86.8c0 80-84.2 68-84.2 17.2 0-47.2 50.5-56.7 84.2-57.8v40.6zm136 163.5c-7.7 10-70 67-174.5 67S34.2 408.5 9.7 379c-6.8-7.7 1-11.3 5.5-8.3C88.5 415.2 203 488.5 387.7 401c7.5-3.7 13.3 2 5.5 12zm39.8 2.2c-6.5 15.8-16 26.8-21.2 31-5.5 4.5-9.5 2.7-6.5-3.8s19.3-46.5 12.7-55c-6.5-8.3-37-4.3-48-3.2-10.8 1-13 2-14-.3-2.3-5.7 21.7-15.5 37.5-17.5 15.7-1.8 41-.8 46 5.7 3.7 5.1 0 27.1-6.5 43.1z\"><\/path><\/svg>\t\t\t<\/span>\n\t\t\t\t\t\t\t\t<\/span>\n\t\t\t\t\t<\/a>\n\t\t\t\t<\/div>\n\t\t\t\t\t\t\t\t<\/div>\n\t\t\t\t<\/div>\n\t\t\t\t\t<\/div>\n\t\t\t\t<\/div>\n\t\t\t\t<\/div>\n\t\t","protected":false},"excerpt":{"rendered":"<p>Qu\u00e9 Hay Salva Blog Muy pronto estar\u00e1 disponible el blog de Qu\u00e9 Hay Salva Podcast con art\u00edculos, recomendaciones, y tutoriales de tecnolog\u00eda.&nbsp;\u00danete al newsletter para ser el primero en enterarte cuando est\u00e9 disponible. Escucha en:<\/p>\n","protected":false},"author":1,"featured_media":0,"parent":0,"menu_order":0,"comment_status":"closed","ping_status":"closed","template":"elementor_canvas","meta":{"om_disable_all_campaigns":false,"_monsterinsights_skip_tracking":false,"_monsterinsights_sitenote_active":false,"_monsterinsights_sitenote_note":"","_monsterinsights_sitenote_category":0,"footnotes":""},"class_list":["post-7","page","type-page","status-publish","hentry"],"yoast_head":"<!-- This site is optimized with the Yoast SEO plugin v27.4 - https:\/\/yoast.com\/product\/yoast-seo-wordpress\/ -->\n<title>Qu\u00e9 Hay Salva Podcast - que hay salva<\/title>\n<meta name=\"robots\" content=\"index, follow, max-snippet:-1, max-image-preview:large, max-video-preview:-1\" \/>\n<link rel=\"canonical\" href=\"https:\/\/quehaysalva.com\/podcast\/\" \/>\n<meta property=\"og:locale\" content=\"en_US\" \/>\n<meta property=\"og:type\" content=\"article\" \/>\n<meta property=\"og:title\" content=\"Qu\u00e9 Hay Salva Podcast - que hay salva\" \/>\n<meta property=\"og:description\" content=\"Qu\u00e9 Hay Salva Blog Muy pronto estar\u00e1 disponible el blog de Qu\u00e9 Hay Salva Podcast con art\u00edculos, recomendaciones, y tutoriales de tecnolog\u00eda.&nbsp;\u00danete al newsletter para ser el primero en enterarte cuando est\u00e9 disponible. Escucha en:\" \/>\n<meta property=\"og:url\" content=\"https:\/\/quehaysalva.com\/podcast\/\" \/>\n<meta property=\"og:site_name\" content=\"que hay salva\" \/>\n<meta property=\"article:modified_time\" content=\"2024-01-08T16:51:29+00:00\" \/>\n<meta property=\"og:image\" content=\"https:\/\/quehaysalva.com\/podcast\/wp-content\/uploads\/2024\/01\/image07-1.jpg\" \/>\n<meta name=\"twitter:card\" content=\"summary_large_image\" \/>\n<meta name=\"twitter:label1\" content=\"Est. reading time\" \/>\n\t<meta name=\"twitter:data1\" content=\"1 minute\" \/>\n<script type=\"application\/ld+json\" class=\"yoast-schema-graph\">{\"@context\":\"https:\\\/\\\/schema.org\",\"@graph\":[{\"@type\":\"WebPage\",\"@id\":\"https:\\\/\\\/quehaysalva.com\\\/podcast\\\/\",\"url\":\"https:\\\/\\\/quehaysalva.com\\\/podcast\\\/\",\"name\":\"Qu\u00e9 Hay Salva Podcast - que hay salva\",\"isPartOf\":{\"@id\":\"https:\\\/\\\/quehaysalva.com\\\/podcast\\\/#website\"},\"primaryImageOfPage\":{\"@id\":\"https:\\\/\\\/quehaysalva.com\\\/podcast\\\/#primaryimage\"},\"image\":{\"@id\":\"https:\\\/\\\/quehaysalva.com\\\/podcast\\\/#primaryimage\"},\"thumbnailUrl\":\"https:\\\/\\\/quehaysalva.com\\\/podcast\\\/wp-content\\\/uploads\\\/2024\\\/01\\\/image07-1.jpg\",\"datePublished\":\"2024-01-08T16:00:42+00:00\",\"dateModified\":\"2024-01-08T16:51:29+00:00\",\"breadcrumb\":{\"@id\":\"https:\\\/\\\/quehaysalva.com\\\/podcast\\\/#breadcrumb\"},\"inLanguage\":\"en-US\",\"potentialAction\":[{\"@type\":\"ReadAction\",\"target\":[\"https:\\\/\\\/quehaysalva.com\\\/podcast\\\/\"]}]},{\"@type\":\"ImageObject\",\"inLanguage\":\"en-US\",\"@id\":\"https:\\\/\\\/quehaysalva.com\\\/podcast\\\/#primaryimage\",\"url\":\"https:\\\/\\\/quehaysalva.com\\\/podcast\\\/wp-content\\\/uploads\\\/2024\\\/01\\\/image07-1.jpg\",\"contentUrl\":\"https:\\\/\\\/quehaysalva.com\\\/podcast\\\/wp-content\\\/uploads\\\/2024\\\/01\\\/image07-1.jpg\",\"width\":356,\"height\":356},{\"@type\":\"BreadcrumbList\",\"@id\":\"https:\\\/\\\/quehaysalva.com\\\/podcast\\\/#breadcrumb\",\"itemListElement\":[{\"@type\":\"ListItem\",\"position\":1,\"name\":\"Home\",\"item\":\"https:\\\/\\\/quehaysalva.com\\\/podcast\\\/\"},{\"@type\":\"ListItem\",\"position\":2,\"name\":\"Qu\u00e9 Hay Salva Podcast\"}]},{\"@type\":\"WebSite\",\"@id\":\"https:\\\/\\\/quehaysalva.com\\\/podcast\\\/#website\",\"url\":\"https:\\\/\\\/quehaysalva.com\\\/podcast\\\/\",\"name\":\"que hay salva\",\"description\":\"\",\"potentialAction\":[{\"@type\":\"SearchAction\",\"target\":{\"@type\":\"EntryPoint\",\"urlTemplate\":\"https:\\\/\\\/quehaysalva.com\\\/podcast\\\/?s={search_term_string}\"},\"query-input\":{\"@type\":\"PropertyValueSpecification\",\"valueRequired\":true,\"valueName\":\"search_term_string\"}}],\"inLanguage\":\"en-US\"}]}<\/script>\n<!-- \/ Yoast SEO plugin. -->","yoast_head_json":{"title":"Qu\u00e9 Hay Salva Podcast - que hay salva","robots":{"index":"index","follow":"follow","max-snippet":"max-snippet:-1","max-image-preview":"max-image-preview:large","max-video-preview":"max-video-preview:-1"},"canonical":"https:\/\/quehaysalva.com\/podcast\/","og_locale":"en_US","og_type":"article","og_title":"Qu\u00e9 Hay Salva Podcast - que hay salva","og_description":"Qu\u00e9 Hay Salva Blog Muy pronto estar\u00e1 disponible el blog de Qu\u00e9 Hay Salva Podcast con art\u00edculos, recomendaciones, y tutoriales de tecnolog\u00eda.&nbsp;\u00danete al newsletter para ser el primero en enterarte cuando est\u00e9 disponible. Escucha en:","og_url":"https:\/\/quehaysalva.com\/podcast\/","og_site_name":"que hay salva","article_modified_time":"2024-01-08T16:51:29+00:00","og_image":[{"url":"https:\/\/quehaysalva.com\/podcast\/wp-content\/uploads\/2024\/01\/image07-1.jpg","type":"","width":"","height":""}],"twitter_card":"summary_large_image","twitter_misc":{"Est. reading time":"1 minute"},"schema":{"@context":"https:\/\/schema.org","@graph":[{"@type":"WebPage","@id":"https:\/\/quehaysalva.com\/podcast\/","url":"https:\/\/quehaysalva.com\/podcast\/","name":"Qu\u00e9 Hay Salva Podcast - que hay salva","isPartOf":{"@id":"https:\/\/quehaysalva.com\/podcast\/#website"},"primaryImageOfPage":{"@id":"https:\/\/quehaysalva.com\/podcast\/#primaryimage"},"image":{"@id":"https:\/\/quehaysalva.com\/podcast\/#primaryimage"},"thumbnailUrl":"https:\/\/quehaysalva.com\/podcast\/wp-content\/uploads\/2024\/01\/image07-1.jpg","datePublished":"2024-01-08T16:00:42+00:00","dateModified":"2024-01-08T16:51:29+00:00","breadcrumb":{"@id":"https:\/\/quehaysalva.com\/podcast\/#breadcrumb"},"inLanguage":"en-US","potentialAction":[{"@type":"ReadAction","target":["https:\/\/quehaysalva.com\/podcast\/"]}]},{"@type":"ImageObject","inLanguage":"en-US","@id":"https:\/\/quehaysalva.com\/podcast\/#primaryimage","url":"https:\/\/quehaysalva.com\/podcast\/wp-content\/uploads\/2024\/01\/image07-1.jpg","contentUrl":"https:\/\/quehaysalva.com\/podcast\/wp-content\/uploads\/2024\/01\/image07-1.jpg","width":356,"height":356},{"@type":"BreadcrumbList","@id":"https:\/\/quehaysalva.com\/podcast\/#breadcrumb","itemListElement":[{"@type":"ListItem","position":1,"name":"Home","item":"https:\/\/quehaysalva.com\/podcast\/"},{"@type":"ListItem","position":2,"name":"Qu\u00e9 Hay Salva Podcast"}]},{"@type":"WebSite","@id":"https:\/\/quehaysalva.com\/podcast\/#website","url":"https:\/\/quehaysalva.com\/podcast\/","name":"que hay salva","description":"","potentialAction":[{"@type":"SearchAction","target":{"@type":"EntryPoint","urlTemplate":"https:\/\/quehaysalva.com\/podcast\/?s={search_term_string}"},"query-input":{"@type":"PropertyValueSpecification","valueRequired":true,"valueName":"search_term_string"}}],"inLanguage":"en-US"}]}},"jetpack_sharing_enabled":true,"_links":{"self":[{"href":"https:\/\/quehaysalva.com\/podcast\/wp-json\/wp\/v2\/pages\/7","targetHints":{"allow":["GET"]}}],"collection":[{"href":"https:\/\/quehaysalva.com\/podcast\/wp-json\/wp\/v2\/pages"}],"about":[{"href":"https:\/\/quehaysalva.com\/podcast\/wp-json\/wp\/v2\/types\/page"}],"author":[{"embeddable":true,"href":"https:\/\/quehaysalva.com\/podcast\/wp-json\/wp\/v2\/users\/1"}],"replies":[{"embeddable":true,"href":"https:\/\/quehaysalva.com\/podcast\/wp-json\/wp\/v2\/comments?post=7"}],"version-history":[{"count":20,"href":"https:\/\/quehaysalva.com\/podcast\/wp-json\/wp\/v2\/pages\/7\/revisions"}],"predecessor-version":[{"id":67,"href":"https:\/\/quehaysalva.com\/podcast\/wp-json\/wp\/v2\/pages\/7\/revisions\/67"}],"wp:attachment":[{"href":"https:\/\/quehaysalva.com\/podcast\/wp-json\/wp\/v2\/media?parent=7"}],"curies":[{"name":"wp","href":"https:\/\/api.w.org\/{rel}","templated":true}]}}